{"id":132,"date":"2018-12-28T15:09:43","date_gmt":"2018-12-28T15:09:43","guid":{"rendered":"http:\/\/icom-colombia.icom.cust.oxymium.net\/quienes-somos\/mision-vision\/"},"modified":"2018-12-28T15:15:46","modified_gmt":"2018-12-28T15:15:46","slug":"mision-vision","status":"publish","type":"page","link":"https:\/\/icom-colombia.mini.icom.museum\/en\/who-we-are\/mision-vision\/","title":{"rendered":"Misi\u00f3n &#8211; Visi\u00f3n"},"content":{"rendered":"<div id=\"RTE_CONTENT\"> <!--TYPO3SEARCH_begin--> \t<!--  CONTENT ELEMENT, uid:8737\/textpic [begin] --> \t\t<\/p>\n<div id=\"c8737\"> \t\t<!--  Image block: [begin] --> \t\t\t<\/p>\n<div> \t\t<!--  Text: [begin] --> \t\t\t<\/p>\n<p>ICOM COLOMBIA  <\/p>\n<p><b>MISI\u00d3N\u00a0<\/b> <\/p>\n<p>La Asociaci\u00f3n ICOM-Colombia es una asociaci\u00f3n\u00a0privada, sin \u00e1nimo de lucro y con personer\u00eda jur\u00eddica es\u00a0la organizaci\u00f3n nacional de los museos y sus\u00a0profesionales, comprometida con el desarrollo del sector\u00a0muse\u00edstico y su consolidaci\u00f3n; con la representaci\u00f3n del\u00a0sector en \u00e1mbitos de discusi\u00f3n de pol\u00edtica p\u00fablica sobre\u00a0museos y patrimonio, y con la preservaci\u00f3n,\u00a0sostenibilidad y comunicaci\u00f3n del patrimonio cultural y\u00a0natural en el \u00e1mbito colombiano. <\/p>\n<p>\u00a0<\/p>\n<p><b>VISI\u00d3N<\/b> <\/p>\n<p>En el 2018 la Asociaci\u00f3n ICOM-Colombia ser\u00e1\u00a0reconocida como la principal organizaci\u00f3n que agrupa al\u00a0sector de los museos y profesionales, promueve el\u00a0fortalecimiento de sus capacidades, difunde sus\u00a0realizaciones, representa del sector en \u00e1mbitos de\u00a0discusi\u00f3n de pol\u00edtica p\u00fablica sobre museos, memoria y\u00a0patrimonio, y coadyuva a la valoraci\u00f3n del patrimonio\u00a0cultural y natural del pa\u00eds. <\/p>\n<p>\u00a0<\/p>\n<p><b>OBJETIVOS ESTRAT\u00c9GICOS<\/b> <\/p>\n<p><b>1. Gesti\u00f3n de relaciones.<\/b><\/p>\n<ul>\n<li>Consolidaci\u00f3n de redes de colaboraci\u00f3n: Red de museos de Antioquia (9 miembros individuales y 3 institucionales y del Valle (1 miembro institucional y 2 miembros individuales).<\/li>\n<li>Con entidades internacionales como la Asociaci\u00f3n Americana de Museos para impulsar la creaci\u00f3n del Sistema Nacional de acreditaci\u00f3n<\/li>\n<li>de museos.Con entidades distritales y nacionales como la Maestr\u00eda en Museolog\u00eda y Gesti\u00f3n del Patrimonio de la Universidad Nacional para la organizaci\u00f3n de actividades acad\u00e9micas conjuntas y del Premio<\/li>\n<li>Est\u00edmulos y reconocimientos a museos y profesionales de museos.<\/li>\n<\/ul>\n<p>\u00a0<\/p>\n<p><b>2. Representaci\u00f3n del sector.<\/b><\/p>\n<ul>\n<li>Participaci\u00f3n en la Mesa Cultural de museos (definici\u00f3n del Plan estrat\u00e9gico a 2014 de los museos de Bogot\u00e1).<\/li>\n<li>Participaci\u00f3n en Acuerdo de la Prosperidad organizado por Presidencia de la Rep\u00fablica en Armenia (formulaci\u00f3n y divulgaci\u00f3n de pol\u00edticas p\u00fablicas sobre patrimonio.<\/li>\n<li>cultural, Ley de Museos; promover la investigaci\u00f3n, la documentaci\u00f3n y el registro de la informaci\u00f3n sobre patrimonio).<\/li>\n<li>Trabajo conjunto con la Direcci\u00f3n de Patrimonio del Ministerio de Cultura y otras entidades en la Mesa de capacitaci\u00f3n y difusi\u00f3n para contrarrestar el tr\u00e1fico il\u00edcito de bienes culturales.<\/li>\n<li>Participaci\u00f3n en la Alianza regional ICOM LAC para su reglamentaci\u00f3n y organizaci\u00f3n.<\/li>\n<\/ul>\n<p>\u00a0<\/p>\n<p><b>3. Comunicaci\u00f3n y difusi\u00f3n.<\/b><\/p>\n<ul>\n<li>Lanzamiento de la Lista Roja de Bienes Culturales en peligro en Colombia.<\/li>\n<li>Publicaci\u00f3n en la p\u00e1gina web de actividades miembros institucionales sobre programaci\u00f3n especial y en el D\u00eda<\/li>\n<li>Internacional de los museos y otros eventos.<\/li>\n<li>Entrega del C\u00f3digo de Deontolog\u00eda en eventos dirigidos a los profesionales de Museos de Bogot\u00e1: I Foro Distrital de Museos y en reuniones ordinarias de la Mesa Cultural de Museos de Bogot\u00e1.<\/li>\n<li>Planeaci\u00f3n de actividades conjuntas con entidades distritales y nacionales para divulgaci\u00f3n de programaci\u00f3n educativa y cultural de los museos.<\/li>\n<\/ul>\n<p>\u00a0<\/p>\n<p><b>4. Formaci\u00f3n profesionales del sector.<\/b><\/p>\n<ul>\n<li>Organizaci\u00f3n del Seminario de capacitaci\u00f3n para el conocimiento y divulgaci\u00f3n de la Lista Roja (convocando a profesionales de museos, autoridades de polic\u00eda y judiciales, personal de anticuarios y miembros del ICOM).<\/li>\n<li>Participaci\u00f3n en el I Foro Distrital de museos.<\/li>\n<li>Participaci\u00f3n en la Mesa de capacitaci\u00f3n y difusi\u00f3n organizada por la Direcci\u00f3n de Patrimonio del Ministerio de Cultura y otras entidades para contrarrestar el tr\u00e1fico il\u00edcito de bienes culturales.<\/li>\n<li>Planeaci\u00f3n de actividades con IDARTES, Mesa de museos de Bogot\u00e1 y CECA regional para el desarrollo de proyectos educativos en museos.<\/li>\n<\/ul>\n<p>\u00a0<\/p>\n<p><b>5. Fortalecimiento de la organizaci\u00f3n.<\/b><\/p>\n<ul>\n<li>Promoci\u00f3n permanente de las actividades de ICOM para vinculaci\u00f3n de nuevos miembros individuales e institucionales.<\/li>\n<li>Participaci\u00f3n permanente en espacios de formulaci\u00f3n de pol\u00edticas p\u00fablicas para el sector: Mesa de Museos, Consejo.<\/li>\n<li>Distrital de Arte, Cultura y Patrimonio y Acuerdo Prosperidad.<\/li>\n<li>Consolidaci\u00f3n de alianzas estrat\u00e9gicas con AAM para el desarrollo de proyectos de acreditaci\u00f3n de los museos.<\/li>\n<\/ul>\n<p>\u00a0<\/p>\n<p>\u00a0<\/p>\n<p>\u00a0<\/p>\n<p> \t\t<!--  Text: [end] --> \t\t\t<\/div>\n<p> \t\t<!--  Image block: [end] --> \t\t\t   \t<!--  \t\tBEGIN: Content of extension \"hpo_relatedlink\", plugin \"tx_hporelatedlink_pi1\"  \t--> \t<\/p>\n<div> \t\t \t<\/div>\n<p> \t \t<!-- END: Content of extension \"hpo_relatedlink\", plugin \"tx_hporelatedlink_pi1\" -->  \t<\/div>\n<p> \t<!--  CONTENT ELEMENT, uid:8737\/textpic [end] --> \t\t<!--TYPO3SEARCH_end--> <\/div>\n","protected":false},"excerpt":{"rendered":"<p>ICOM COLOMBIA MISI\u00d3N\u00a0 La Asociaci\u00f3n ICOM-Colombia es una asociaci\u00f3n\u00a0privada, sin \u00e1nimo de lucro y con personer\u00eda jur\u00eddica es\u00a0la organizaci\u00f3n nacional de los museos y sus\u00a0profesionales, comprometida con el desarrollo del sector\u00a0muse\u00edstico y su consolidaci\u00f3n; con la representaci\u00f3n del\u00a0sector en \u00e1mbitos de discusi\u00f3n de pol\u00edtica p\u00fablica sobre\u00a0museos y patrimonio, y con la preservaci\u00f3n,\u00a0sostenibilidad y comunicaci\u00f3n del [&hellip;]<\/p>\n","protected":false},"author":1,"featured_media":0,"parent":122,"menu_order":0,"comment_status":"closed","ping_status":"closed","template":"","meta":{"footnotes":""},"yst_prominent_words":[],"class_list":["post-132","page","type-page","status-publish","hentry"],"acf":[],"_links":{"self":[{"href":"https:\/\/icom-colombia.mini.icom.museum\/en\/wp-json\/wp\/v2\/pages\/132","targetHints":{"allow":["GET"]}}],"collection":[{"href":"https:\/\/icom-colombia.mini.icom.museum\/en\/wp-json\/wp\/v2\/pages"}],"about":[{"href":"https:\/\/icom-colombia.mini.icom.museum\/en\/wp-json\/wp\/v2\/types\/page"}],"author":[{"embeddable":true,"href":"https:\/\/icom-colombia.mini.icom.museum\/en\/wp-json\/wp\/v2\/users\/1"}],"replies":[{"embeddable":true,"href":"https:\/\/icom-colombia.mini.icom.museum\/en\/wp-json\/wp\/v2\/comments?post=132"}],"version-history":[{"count":1,"href":"https:\/\/icom-colombia.mini.icom.museum\/en\/wp-json\/wp\/v2\/pages\/132\/revisions"}],"predecessor-version":[{"id":1187,"href":"https:\/\/icom-colombia.mini.icom.museum\/en\/wp-json\/wp\/v2\/pages\/132\/revisions\/1187"}],"up":[{"embeddable":true,"href":"https:\/\/icom-colombia.mini.icom.museum\/en\/wp-json\/wp\/v2\/pages\/122"}],"wp:attachment":[{"href":"https:\/\/icom-colombia.mini.icom.museum\/en\/wp-json\/wp\/v2\/media?parent=132"}],"wp:term":[{"taxonomy":"yst_prominent_words","embeddable":true,"href":"https:\/\/icom-colombia.mini.icom.museum\/en\/wp-json\/wp\/v2\/yst_prominent_words?post=132"}],"curies":[{"name":"wp","href":"https:\/\/api.w.org\/{rel}","templated":true}]}}