{"id":142,"date":"2018-12-28T15:09:50","date_gmt":"2018-12-28T15:09:50","guid":{"rendered":"http:\/\/icom-colombia.icom.cust.oxymium.net\/quienes-somos\/estatutos\/"},"modified":"2018-12-28T15:15:46","modified_gmt":"2018-12-28T15:15:46","slug":"estatutos","status":"publish","type":"page","link":"https:\/\/icom-colombia.mini.icom.museum\/en\/who-we-are\/estatutos\/","title":{"rendered":"Estatutos"},"content":{"rendered":"<div id=\"RTE_CONTENT\"> <!--TYPO3SEARCH_begin--> \t<!--  CONTENT ELEMENT, uid:8956\/textpic [begin] --> \t\t<\/p>\n<div id=\"c8956\"> \t\t<!--  Header: [begin] --> \t\t\t<\/p>\n<h2>ICOM COLOMBIA<\/h2>\n<p> \t\t<!--  Header: [end] --> \t\t\t \t\t<!--  Image block: [begin] --> \t\t\t<\/p>\n<div> \t\t<!--  Text: [begin] --> \t\t\t<\/p>\n<p>ASOCIACI\u00d3N COMIT\u00c9 COLOMBIANO DEL CONSEJO INTERNACIONAL DE\u00a0 <\/p>\n<p>MUSEOS <\/p>\n<p>\u00a0<\/p>\n<p>\u00a0<\/p>\n<p><b>CAP\u00cdTULO PRIMERO.<\/b> <\/p>\n<p>DENOMINACI\u00d3N, NATURALEZA, DOMICILIO, OBJETO Y DURACI\u00d3N. <\/p>\n<p>\u00a0<\/p>\n<p><b>Art\u00edculo 1<\/b>. DENOMINACI\u00d3N, NATURALEZA.\u00a0La entidad que por medio de estos estatutos se reglamenta es una entidad sin \u00e1nimo\u00a0de lucro, constituida como Asociaci\u00f3n y denominada ASOCIACI\u00d3N COMIT\u00c9\u00a0COLOMBIANO DEL CONSEJO INTERNACIONAL DE MUSEOS se identificar\u00e1 con la\u00a0sigla de \u00a0ICOM COLOMBIA, la cual se regir\u00e1 por la ley colombiana y los presentes\u00a0estatutos. <\/p>\n<p><b>Art\u00edculo 2<\/b>. DOMICILIO.\u00a0La Asociaci\u00f3n tendr\u00e1 como domicilio principal la ciudad de Bogot\u00e1 D.C.,\u00a0Colombia. <\/p>\n<p><b>Art\u00edculo 3<\/b>. DURACI\u00d3N.\u00a0La duraci\u00f3n de la Asociaci\u00f3n tendr\u00e1 un t\u00e9rmino de veinticuatro (24) a\u00f1os. <\/p>\n<p><b>Art\u00edculo 4<\/b>. OBJETO. \u00a0ICOM COLOMBIA tiene por objeto realizar en el \u00e1mbito colombiano la misi\u00f3n del\u00a0ICOM, que es la organizaci\u00f3n internacional de los museos y profesionales de museos\u00a0dedicada a la tarea de conservar, perennizar y transmitir a la sociedad el patrimonio\u00a0mundial natural y cultural, presente y futuro, material e inmaterial. En cumplimiento de\u00a0este objeto, ICOM Colombia \u00a0desarrollar\u00e1 y ejecutar\u00e1 las siguientes actividades: <b>1-<\/b>Promover la creaci\u00f3n, el desarrollo y la gesti\u00f3n profesional de los museos de todas las\u00a0categor\u00edas. <b>2-<\/b> Mejorar el conocimiento y el entendimiento de su naturaleza, cometidos\u00a0y funciones. <b>3-<\/b> Organizar la cooperaci\u00f3n \u00a0y el intercambio \u00a0entre los museos y los\u00a0miembros de las profesiones muse\u00edsticas. <b>4-<\/b> Divulgar el acervo de conocimientos\u00a0relativos a la museolog\u00eda y otras disciplinas relacionadas con los estudios\u00a0museol\u00f3gicos, la gesti\u00f3n y\/o las actividades de los museos y contribuir a la mejora y\u00a0desarrollo de esos conocimientos. <b>5-<\/b> Adoptar y hacer cumplir las normas\u00a0deontol\u00f3gicas establecidas por el ICOM. <b>6-<\/b> Facilitar el conocimiento y la comprensi\u00f3n\u00a0del papel de los museos como instituciones al servicio de la sociedad y \u00a0de su\u00a0desarrollo. <b>7-<\/b> Ser el instrumento de comunicaci\u00f3n entre los \u00f3rganos\u00a0internacionales del\u00a0ICOM y los miembros del ICOM Colombia. <b>8-<\/b> Asegurar la gesti\u00f3n de los intereses del\u00a0ICOM en el Estado Colombiano. <b>9-<\/b> Representar los intereses de los miembros ante la\u00a0Secretar\u00eda \u00a0General del ICOM, \u00a0con sede en Par\u00eds. <b>10-<\/b> Cooperar con los Comit\u00e9s\u00a0Internacionales del ICOM y los organismos nacionales e internacionales relacionados\u00a0con los museos y la profesi\u00f3n muse\u00edstica. <\/p>\n<p><a href=\"http:\/\/icom-colombia.mini.icom.museum\/wp-content\/uploads\/sites\/33\/2018\/12\/ESTATUTOS.pdf\" title=\"Opens external link in new window\">SEGUIR LEYENDO &gt;&gt;<\/a> <\/p>\n<p>\u00a0<\/p>\n<p>\u00a0<\/p>\n<p> \t\t<!--  Text: [end] --> \t\t\t<\/div>\n<p> \t\t<!--  Image block: [end] --> \t\t\t   \t<!--  \t\tBEGIN: Content of extension \"hpo_relatedlink\", plugin \"tx_hporelatedlink_pi1\"  \t--> \t<\/p>\n<div> \t\t \t<\/div>\n<p> \t \t<!-- END: Content of extension \"hpo_relatedlink\", plugin \"tx_hporelatedlink_pi1\" -->  \t<\/div>\n<p> \t<!--  CONTENT ELEMENT, uid:8956\/textpic [end] --> \t\t<!--TYPO3SEARCH_end--> <\/div>\n","protected":false},"excerpt":{"rendered":"<p>ICOM COLOMBIA ASOCIACI\u00d3N COMIT\u00c9 COLOMBIANO DEL CONSEJO INTERNACIONAL DE\u00a0 MUSEOS \u00a0 \u00a0 CAP\u00cdTULO PRIMERO. DENOMINACI\u00d3N, NATURALEZA, DOMICILIO, OBJETO Y DURACI\u00d3N. \u00a0 Art\u00edculo 1. DENOMINACI\u00d3N, NATURALEZA.\u00a0La entidad que por medio de estos estatutos se reglamenta es una entidad sin \u00e1nimo\u00a0de lucro, constituida como Asociaci\u00f3n y denominada ASOCIACI\u00d3N COMIT\u00c9\u00a0COLOMBIANO DEL CONSEJO INTERNACIONAL DE MUSEOS se identificar\u00e1 con [&hellip;]<\/p>\n","protected":false},"author":1,"featured_media":0,"parent":122,"menu_order":2,"comment_status":"closed","ping_status":"closed","template":"","meta":{"footnotes":""},"yst_prominent_words":[],"class_list":["post-142","page","type-page","status-publish","hentry"],"acf":[],"_links":{"self":[{"href":"https:\/\/icom-colombia.mini.icom.museum\/en\/wp-json\/wp\/v2\/pages\/142","targetHints":{"allow":["GET"]}}],"collection":[{"href":"https:\/\/icom-colombia.mini.icom.museum\/en\/wp-json\/wp\/v2\/pages"}],"about":[{"href":"https:\/\/icom-colombia.mini.icom.museum\/en\/wp-json\/wp\/v2\/types\/page"}],"author":[{"embeddable":true,"href":"https:\/\/icom-colombia.mini.icom.museum\/en\/wp-json\/wp\/v2\/users\/1"}],"replies":[{"embeddable":true,"href":"https:\/\/icom-colombia.mini.icom.museum\/en\/wp-json\/wp\/v2\/comments?post=142"}],"version-history":[{"count":1,"href":"https:\/\/icom-colombia.mini.icom.museum\/en\/wp-json\/wp\/v2\/pages\/142\/revisions"}],"predecessor-version":[{"id":1185,"href":"https:\/\/icom-colombia.mini.icom.museum\/en\/wp-json\/wp\/v2\/pages\/142\/revisions\/1185"}],"up":[{"embeddable":true,"href":"https:\/\/icom-colombia.mini.icom.museum\/en\/wp-json\/wp\/v2\/pages\/122"}],"wp:attachment":[{"href":"https:\/\/icom-colombia.mini.icom.museum\/en\/wp-json\/wp\/v2\/media?parent=142"}],"wp:term":[{"taxonomy":"yst_prominent_words","embeddable":true,"href":"https:\/\/icom-colombia.mini.icom.museum\/en\/wp-json\/wp\/v2\/yst_prominent_words?post=142"}],"curies":[{"name":"wp","href":"https:\/\/api.w.org\/{rel}","templated":true}]}}