{"id":230,"date":"2018-12-28T15:10:03","date_gmt":"2018-12-28T15:10:03","guid":{"rendered":"http:\/\/icom-colombia.icom.cust.oxymium.net\/eventos\/icom-colombia\/"},"modified":"2018-12-28T15:15:46","modified_gmt":"2018-12-28T15:15:46","slug":"icom-colombia","status":"publish","type":"page","link":"https:\/\/icom-colombia.mini.icom.museum\/en\/icom-colombia\/","title":{"rendered":"ICOM Colombia"},"content":{"rendered":"<div id=\"RTE_CONTENT\"> <!--TYPO3SEARCH_begin--> \t<!--  CONTENT ELEMENT, uid:20904\/text [begin] --> \t\t<\/p>\n<div id=\"c20904\"> \t\t<!--  Text: [begin] --> \t\t\t<\/p>\n<p><b><span>Encuentro Regional de Pol\u00edticas P\u00fablicas en Museos<\/span><\/b> <\/p>\n<p><i>Mayo 30 y 31 del 2018, Bogot\u00e1 D.C.<\/i> <\/p>\n<p><span><b><i>Resultados<\/i><\/b>. Con la participaci\u00f3n de expertos de Chile, Brasil, Per\u00fa, Ecuador y Colombia, los d\u00edas 30 y 31 de mayo, se llev\u00f3 a cabo el <b>Encuentro Regional de Pol\u00edticas P\u00fablicas en Museos<\/b> para conocer y debatir los resultados de las pol\u00edticas que, en materia de museos, han producido algunos gobiernos en Am\u00e9rica Latina y poder as\u00ed construir un panorama comparativo de estas pol\u00edticas p\u00fablicas en la regi\u00f3n.<\/span> <\/p>\n<p><span>Los invitados compartieron sus experiencias de construcci\u00f3n e implementaci\u00f3n de estas pol\u00edticas en sus pa\u00edses y presentaron un resumen de contenidos y resultados de su implementaci\u00f3n. De esta manera se busca abri\u00f3\u00a0un espacio de debate que permiti\u00f3 ampliar la reflexi\u00f3n sobre los supuestos ideol\u00f3gicos, las herramientas metodol\u00f3gicas, t\u00e9cnicas y presupuestales a partir de las cuales se han organizado las acciones a nivel nacional y regional para intervenir en el sector museal y avanzar en el proceso de participaci\u00f3n de diferentes partes interesadas.<\/span> <\/p>\n<p><span>La din\u00e1mica del evento permiti\u00f3 la activa participaci\u00f3n de los asistentes entre los cuales se cont\u00f3 con profesionales de diversos sectores: miembros de ICOM Colombia, profesionales en ejercicio del sector museal p\u00fablico y privado, estudiantes de museolog\u00eda y gesti\u00f3n del patrimonio del pa\u00eds, y otros trabajadores del sector cultural interesados o vinculados con el tema.<\/span> <\/p>\n<p><span>El encuentro se llev\u00f3\u00a0a cabo en el Museo Colonial y fue organizado por ICOM Colombia e ICOM Per\u00fa con el apoyo de la Facultad de Estudios del Patrimonio de la Universidad Externado de Colombia, la Maestr\u00eda en Museolog\u00eda y Gesti\u00f3n del Patrimonio de la Universidad Nacional de Colombia y el Consejo Internacional de Museos (ICOM por sus siglas en ingl\u00e9s).<\/span> <\/p>\n<p>\u00a0<\/p>\n<p><span>PRIMER D\u00cdA DE ENCUENTRO<\/span> <\/p>\n<h3>30 de mayo 2018<br \/>Asistencia: 97 personas<\/h3>\n<p>9:00 &#8211; 9:45: Davidson Kasaker Director del grupo t\u00e9cnico del Sistema Estatal de Museos San Pablo, Brasil  <\/p>\n<p>9:45 &#8211; 10:00: Caf\u00e9  <\/p>\n<p>10:00 &#8211; 10:45: Andr\u00e9s Rold\u00e1n Director de Parque Explora, Medell\u00edn Colombia <\/p>\n<p> 10:45 &#8211; 11:30: Casandra Herrera Directora de pol\u00edtica p\u00fablica de memoria social Ecuador  <\/p>\n<p>11:30 &#8211; 12:30: Mesa redonda. Discusi\u00f3n y preguntas. Moderador: William L\u00f3pez Director de la Maestr\u00eda en Museolog\u00eda y Gesti\u00f3n del Patrimonio de la Universidad Nacional de Colombia  <\/p>\n<p>14:00 &#8211; 16:00: Encuentro taller con los conferencistas Facilitadores: Programa Fortalecimiento de Museos del Ministerio de Cultura de Colombia Lugares: Museo Colonial, Museo Santa Clara, Museo de la Independencia &#8211; Casa del Florero <\/p>\n<p><img decoding=\"async\" src=\"http:\/\/icom-colombia.mini.icom.museum\/wp-content\/uploads\/sites\/33\/2018\/12\/RTEmagicC_IMG-20180530-WA0003.jpg.jpg\" alt=\"\"><\/p>\n<p><img decoding=\"async\" src=\"http:\/\/icom-colombia.mini.icom.museum\/wp-content\/uploads\/sites\/33\/2018\/12\/RTEmagicC_IMG-20180530-WA0004.jpg.jpg\" alt=\"\"><\/p>\n<p><img decoding=\"async\" src=\"http:\/\/icom-colombia.mini.icom.museum\/wp-content\/uploads\/sites\/33\/2018\/12\/RTEmagicC_IMG-20180530-WA0005.jpg.jpg\" alt=\"\"><\/p>\n<p><img decoding=\"async\" src=\"http:\/\/icom-colombia.mini.icom.museum\/wp-content\/uploads\/sites\/33\/2018\/12\/RTEmagicC_IMG-20180530-WA0006.jpg.jpg\" alt=\"\"><\/p>\n<p><img decoding=\"async\" src=\"http:\/\/icom-colombia.mini.icom.museum\/wp-content\/uploads\/sites\/33\/2018\/12\/RTEmagicC_IMG-20180530-WA0007.jpg.jpg\" alt=\"\">\u00a0 <\/p>\n<p><img decoding=\"async\" src=\"http:\/\/icom-colombia.mini.icom.museum\/wp-content\/uploads\/sites\/33\/2018\/12\/RTEmagicC_IMG-20180530-WA0008.jpg.jpg\" alt=\"\"><\/p>\n<p><img decoding=\"async\" src=\"http:\/\/icom-colombia.mini.icom.museum\/wp-content\/uploads\/sites\/33\/2018\/12\/RTEmagicC_IMG-20180530-WA0010.jpg.jpg\" alt=\"\"><\/p>\n<h3>\u00a0<\/h3>\n<h3>\u00a0<\/h3>\n<h3>SEGUNDO D\u00cdA DE ENCUENTRO<br \/>31 de mayo 2018<\/p>\n<\/h3>\n<p>8:30: Jos\u00e9 Bernardo Acosta. Programa Fortalecimiento de Museos del Ministerio de Cultura Colombia. <\/p>\n<p>9:15: Alan Trampe. Subdirector Nacional de Museos, DIBAM. Chile. <\/p>\n<p>10:15: Carlos del \u00c1guila Ch\u00e1vez. Direcci\u00f3n General de Museos del Ministerio de Cultura. Per\u00fa. <\/p>\n<p>11:00: Ricardo Triana. Coordinador Grupo de Apropiaci\u00f3n Social, Direcci\u00f3n de Mentalidad y Cultura, Colciencias. Colombia. <\/p>\n<p>11:45: Mesa redonda. Discusi\u00f3n y preguntas. Moderador: William Gamboa. Director del \u00e1rea de Museolog\u00eda. Facultad de Estudios de Patrimonio Cultural de la Universidad Externado de Colombia. <\/p>\n<p>14:00: Encuentro taller con los conferencistas. Facilitadores: Programa Fortalecimiento de Museos del Ministerio de Cultura. <\/p>\n<p>\u00a0<\/p>\n<p><img decoding=\"async\" src=\"http:\/\/icom-colombia.mini.icom.museum\/wp-content\/uploads\/sites\/33\/2018\/12\/RTEmagicC_Encuentro-10.jpg.jpg\" alt=\"\"><\/p>\n<p><img decoding=\"async\" src=\"http:\/\/icom-colombia.mini.icom.museum\/wp-content\/uploads\/sites\/33\/2018\/12\/RTEmagicC_Encuentro-11.jpg.jpg\" alt=\"\"><\/p>\n<p><img decoding=\"async\" src=\"http:\/\/icom-colombia.mini.icom.museum\/wp-content\/uploads\/sites\/33\/2018\/12\/RTEmagicC_Encuentro-12.jpg.jpg\" alt=\"\"><\/p>\n<p><img decoding=\"async\" src=\"http:\/\/icom-colombia.mini.icom.museum\/wp-content\/uploads\/sites\/33\/2018\/12\/RTEmagicC_Encuentro-13.jpg.jpg\" alt=\"\"><\/p>\n<p><img decoding=\"async\" src=\"http:\/\/icom-colombia.mini.icom.museum\/wp-content\/uploads\/sites\/33\/2018\/12\/RTEmagicC_Encuentro-14.jpg.jpg\" alt=\"\"><\/p>\n<p><img decoding=\"async\" src=\"http:\/\/icom-colombia.mini.icom.museum\/wp-content\/uploads\/sites\/33\/2018\/12\/RTEmagicC_Encuentro-15.jpg.jpg\" alt=\"\"><\/p>\n<p><img decoding=\"async\" src=\"http:\/\/icom-colombia.mini.icom.museum\/wp-content\/uploads\/sites\/33\/2018\/12\/RTEmagicC_Encuentro-16.jpg.jpg\" alt=\"\"><\/p>\n<p><img decoding=\"async\" src=\"http:\/\/icom-colombia.mini.icom.museum\/wp-content\/uploads\/sites\/33\/2018\/12\/RTEmagicC_Encuentro-17.jpg.jpg\" alt=\"\"><\/p>\n<p><img decoding=\"async\" src=\"http:\/\/icom-colombia.mini.icom.museum\/wp-content\/uploads\/sites\/33\/2018\/12\/RTEmagicC_Encuentro-18.jpg.jpg\" alt=\"\"><\/p>\n<p><img decoding=\"async\" src=\"http:\/\/icom-colombia.mini.icom.museum\/wp-content\/uploads\/sites\/33\/2018\/12\/RTEmagicC_Encuentro-19.jpg.jpg\" alt=\"\"><\/p>\n<p><img decoding=\"async\" src=\"http:\/\/icom-colombia.mini.icom.museum\/wp-content\/uploads\/sites\/33\/2018\/12\/RTEmagicC_Encuentro-20.jpg.jpg\" alt=\"\"><\/p>\n<p><img decoding=\"async\" src=\"http:\/\/icom-colombia.mini.icom.museum\/wp-content\/uploads\/sites\/33\/2018\/12\/RTEmagicC_franja_de_logos_ICOM_EncuentroRPPM_2018_01.jpg.jpg\" alt=\"\"><\/p>\n<p>\u00a0<\/p>\n<p>\u00a0<\/p>\n<p>\u00a0<\/p>\n<p> \t\t<!--  Text: [end] --> \t\t\t   \t<!--  \t\tBEGIN: Content of extension \"hpo_relatedlink\", plugin \"tx_hporelatedlink_pi1\"  \t--> \t<\/p>\n<div> \t\t \t<\/div>\n<p> \t \t<!-- END: Content of extension \"hpo_relatedlink\", plugin \"tx_hporelatedlink_pi1\" -->  \t<\/div>\n<p> \t<!--  CONTENT ELEMENT, uid:20904\/text [end] --> \t\t<!--TYPO3SEARCH_end--> <\/div>\n","protected":false},"excerpt":{"rendered":"<p>Encuentro Regional de Pol\u00edticas P\u00fablicas en Museos Mayo 30 y 31 del 2018, Bogot\u00e1 D.C. Resultados. Con la participaci\u00f3n de expertos de Chile, Brasil, Per\u00fa, Ecuador y Colombia, los d\u00edas 30 y 31 de mayo, se llev\u00f3 a cabo el Encuentro Regional de Pol\u00edticas P\u00fablicas en Museos para conocer y debatir los resultados de las [&hellip;]<\/p>\n","protected":false},"author":1,"featured_media":0,"parent":0,"menu_order":0,"comment_status":"closed","ping_status":"closed","template":"","meta":{"footnotes":""},"yst_prominent_words":[],"class_list":["post-230","page","type-page","status-publish","hentry"],"acf":[],"_links":{"self":[{"href":"https:\/\/icom-colombia.mini.icom.museum\/en\/wp-json\/wp\/v2\/pages\/230","targetHints":{"allow":["GET"]}}],"collection":[{"href":"https:\/\/icom-colombia.mini.icom.museum\/en\/wp-json\/wp\/v2\/pages"}],"about":[{"href":"https:\/\/icom-colombia.mini.icom.museum\/en\/wp-json\/wp\/v2\/types\/page"}],"author":[{"embeddable":true,"href":"https:\/\/icom-colombia.mini.icom.museum\/en\/wp-json\/wp\/v2\/users\/1"}],"replies":[{"embeddable":true,"href":"https:\/\/icom-colombia.mini.icom.museum\/en\/wp-json\/wp\/v2\/comments?post=230"}],"version-history":[{"count":1,"href":"https:\/\/icom-colombia.mini.icom.museum\/en\/wp-json\/wp\/v2\/pages\/230\/revisions"}],"predecessor-version":[{"id":1182,"href":"https:\/\/icom-colombia.mini.icom.museum\/en\/wp-json\/wp\/v2\/pages\/230\/revisions\/1182"}],"wp:attachment":[{"href":"https:\/\/icom-colombia.mini.icom.museum\/en\/wp-json\/wp\/v2\/media?parent=230"}],"wp:term":[{"taxonomy":"yst_prominent_words","embeddable":true,"href":"https:\/\/icom-colombia.mini.icom.museum\/en\/wp-json\/wp\/v2\/yst_prominent_words?post=230"}],"curies":[{"name":"wp","href":"https:\/\/api.w.org\/{rel}","templated":true}]}}