{"id":262,"date":"2018-12-28T15:10:11","date_gmt":"2018-12-28T15:10:11","guid":{"rendered":"http:\/\/icom-colombia.icom.cust.oxymium.net\/eventos\/participacion-colombiana\/"},"modified":"2018-12-28T15:15:45","modified_gmt":"2018-12-28T15:15:45","slug":"participacion-colombiana","status":"publish","type":"page","link":"https:\/\/icom-colombia.mini.icom.museum\/en\/participacion-colombiana\/","title":{"rendered":"Participaci\u00f3n colombiana"},"content":{"rendered":"<div id=\"RTE_CONTENT\"> <!--TYPO3SEARCH_begin--> \t<!--  CONTENT ELEMENT, uid:20971\/textpic [begin] --> \t\t<\/p>\n<div id=\"c20971\"> \t\t<!--  Header: [begin] --> \t\t\t<\/p>\n<h2>Milano 2016<\/h2>\n<p> \t\t<!--  Header: [end] --> \t\t\t \t\t<!--  Image block: [begin] --> \t\t\t<\/p>\n<div> \t\t<!--  Text: [begin] --> \t\t\t<\/p>\n<p><b><span>4 Conferencia general ICOM, 3 al 9 de julio de 2016 | Mil\u00e1n, Italia<\/span><\/b><img decoding=\"async\" src=\"http:\/\/icom-colombia.mini.icom.museum\/wp-content\/uploads\/sites\/33\/2018\/12\/RTEmagicC_Milan-1.jpg.jpg\" alt=\"\"><span>En esta ocasi\u00f3n, la conferencia de car\u00e1cter trienal, tuvo como contenido central \u201cMuseos y paisajes culturales\u201d, tema propuesto en 2014 por ICOM Italia durante la Conferencia Internacional de Siena y elegido para la versi\u00f3n 2016 del D\u00eda internacional de los museos. El prop\u00f3sito de esta conferencia fue el de recalcar e invitar a la reflexi\u00f3n de que los museos deben ampliar sus fronteras y contribuir en la difusi\u00f3n del reconocimiento del patrimonio cultural y natural tanto dentro como fuera de sus propios espacios. Adicionalmente, se celebr\u00f3 el aniversario 70 de la creaci\u00f3n del Consejo internacional de Museos, para lo cual se present\u00f3 una exposici\u00f3n que cubri\u00f3 la labor de todos estos a\u00f1os de ICOM, con el nombre:\u00a0<\/span><i>Where ICOM from<\/i><span>.<\/span><\/p>\n<p><span>\u00a0<\/span><\/p>\n<p><img decoding=\"async\" src=\"http:\/\/icom-colombia.mini.icom.museum\/wp-content\/uploads\/sites\/33\/2018\/12\/RTEmagicC_Milan-2.jpg.jpg\" alt=\"\"><\/p>\n<p>\u00a0<\/p>\n<p><img decoding=\"async\" src=\"http:\/\/icom-colombia.mini.icom.museum\/wp-content\/uploads\/sites\/33\/2018\/12\/RTEmagicC_Milan-3.jpg.jpg\" alt=\"\"><\/p>\n<p>Haga click aqu\u00ed para conocer la exposici\u00f3n:<\/p>\n<p><span><a href=\"http:\/\/icom.museum\/actualidad\/actualidad\/article\/teaser-where-icom-from-1\/L\/1\/\" target=\"_blank\"><span>http:\/\/icom.museum\/actualidad\/actualidad\/article\/teaser-where-icom-from-1\/L\/1\/<\/span><\/a><\/span><\/p>\n<p><span>\u00a0<\/span><\/p>\n<p><span>Para esta 24\u00aa versi\u00f3n de la Conferencia general, Colombia cont\u00f3 con la asistencia de cuatro representantes de la Asociaci\u00f3n ICOM Colombia. Daniel Castro, presidente y Clara Jim\u00e9nez, secretaria de la junta directiva en calidad de beneficiarios de las becas de ICOM \u2013 Getty International Programme otorgadas a miembros de juntas directivas de comit\u00e9s nacionales; y Margarita Guzm\u00e1n, vicepresidente de la junta directiva y Camilo S\u00e1nchez, miembro individual de la Asociaci\u00f3n ICOM Colombia, beneficiarios de la ayuda ofrecida por esta Asociaci\u00f3n en el cubrimiento del valor de registro en este evento de intercambio museal de car\u00e1cter mundial.\u00a0\u00a0<\/span><\/p>\n<p><span>\u00a0<\/span><img decoding=\"async\" src=\"http:\/\/icom-colombia.mini.icom.museum\/wp-content\/uploads\/sites\/33\/2018\/12\/RTEmagicC_Milan-5.jpg.jpg\" alt=\"\"><\/p>\n<p><span>La participaci\u00f3n en esta Conferencia general permiti\u00f3 a los asistentes no s\u00f3lo intercambiar experiencias con sus pares dentro de los encuentros programados con los comit\u00e9s internacionales sino tener acceso a diferentes actos en los que se reunieron aproximadamente 3500 personas de 130 pa\u00edses, representantes de museos y entidades al servicio de los mismos.<\/span><\/p>\n<p><span>Durante los eventos generales se tuvo la oportunidad de escuchar a representantes de diversas \u00e1reas como las artes, la literatura, la arquitectura y la econom\u00eda entre otras, quienes compartieron sus experiencias y aportes sobre su relaci\u00f3n con el mundo de los museos y en especial con su concepci\u00f3n de paisaje cultural. Cabe resaltar la presentaci\u00f3n del escritor y Premio Nobel de Literatura 2006, Orhan Pamuk creador del Museo de la inocencia en Estambul y su Manifiesto para los museos; el\u00a0artista Christo quien se refiri\u00f3 a su perspectiva art\u00edstica sobre la realidad del paisaje cultural para los museos y su\u00a0 reciente obra The Floating Piers\u00a0en el Lago Iseo, Italia, y el economista David Throsby, precursor de la econom\u00eda cultural<\/span><span><\/span><\/p>\n<p><span>\u00a0<\/span><\/p>\n<p><img decoding=\"async\" src=\"http:\/\/icom-colombia.mini.icom.museum\/wp-content\/uploads\/sites\/33\/2018\/12\/RTEmagicC_Milan-7.jpg.jpg\" alt=\"\"><\/p>\n<p>\u00a0<\/p>\n<p><img decoding=\"async\" src=\"http:\/\/icom-colombia.mini.icom.museum\/wp-content\/uploads\/sites\/33\/2018\/12\/RTEmagicC_Milan-8.jpg.jpg\" alt=\"\"><\/p>\n<p><span>As\u00ed mismo, se realizaron las votaciones para la elecci\u00f3n del Consejo ejecutivo y comit\u00e9 consultivo para los pr\u00f3ximos tres a\u00f1os, cuyas funciones son las de ser los entes administradores de ICOM, desarrollar las decisiones y las recomendaciones de la Asamblea general, coordinar las actividades de los comit\u00e9s nacionales e internacionales, entre otras. La votaci\u00f3n cubri\u00f3 los 16 cargos del consejo: presidente, dos vicepresidentes, un tesorero, 11 miembros ordinarios y presidente y vicepresidente del Comit\u00e9 consultivo. Para conocer al nuevo Consejo ejecutivo y comit\u00e9 consultivo haga clic aqu\u00ed:<\/span><\/p>\n<p><span><a href=\"http:\/\/icom.museum\/la-gobernanza\/consejo-ejecutivo\/L\/1\/\" target=\"_blank\"><span>http:\/\/icom.museum\/la-gobernanza\/consejo-ejecutivo\/L\/1\/<\/span><\/a><\/span><\/p>\n<p><span><a href=\"http:\/\/icom.museum\/la-gobernanza\/comite-consultivo\/L\/1\/\" target=\"_blank\"><span>http:\/\/icom.museum\/la-gobernanza\/comite-consultivo\/L\/1\/<\/span><\/a><\/span><\/p>\n<p><span>\u00a0<\/span><\/p>\n<p><span>Para conocer el Informe anual 2015, preparado por la Secretar\u00eda general del ICOM:<\/span><\/p>\n<p><span><a href=\"http:\/\/icom.museum\/fileadmin\/user_upload\/pdf\/Activity_report\/ICOM_activity_report2015_esp.pdf\" target=\"_blank\"><span>http:\/\/icom.museum\/fileadmin\/user_upload\/pdf\/Activity_report\/ICOM_activity_report2015_esp.pdf<\/span><\/a><\/span><\/p>\n<p><span>\u00a0<\/span><\/p>\n<p> \t\t<!--  Text: [end] --> \t\t\t<\/div>\n<p> \t\t<!--  Image block: [end] --> \t\t\t   \t<!--  \t\tBEGIN: Content of extension \"hpo_relatedlink\", plugin \"tx_hporelatedlink_pi1\"  \t--> \t<\/p>\n<div> \t\t \t<\/div>\n<p> \t \t<!-- END: Content of extension \"hpo_relatedlink\", plugin \"tx_hporelatedlink_pi1\" -->  \t<\/div>\n<p> \t<!--  CONTENT ELEMENT, uid:20971\/textpic [end] --> \t\t<!--TYPO3SEARCH_end--> <\/div>\n","protected":false},"excerpt":{"rendered":"<p>Milano 2016 4 Conferencia general ICOM, 3 al 9 de julio de 2016 | Mil\u00e1n, ItaliaEn esta ocasi\u00f3n, la conferencia de car\u00e1cter trienal, tuvo como contenido central \u201cMuseos y paisajes culturales\u201d, tema propuesto en 2014 por ICOM Italia durante la Conferencia Internacional de Siena y elegido para la versi\u00f3n 2016 del D\u00eda internacional de los [&hellip;]<\/p>\n","protected":false},"author":1,"featured_media":0,"parent":0,"menu_order":3,"comment_status":"closed","ping_status":"closed","template":"","meta":{"footnotes":""},"yst_prominent_words":[],"class_list":["post-262","page","type-page","status-publish","hentry"],"acf":[],"_links":{"self":[{"href":"https:\/\/icom-colombia.mini.icom.museum\/en\/wp-json\/wp\/v2\/pages\/262","targetHints":{"allow":["GET"]}}],"collection":[{"href":"https:\/\/icom-colombia.mini.icom.museum\/en\/wp-json\/wp\/v2\/pages"}],"about":[{"href":"https:\/\/icom-colombia.mini.icom.museum\/en\/wp-json\/wp\/v2\/types\/page"}],"author":[{"embeddable":true,"href":"https:\/\/icom-colombia.mini.icom.museum\/en\/wp-json\/wp\/v2\/users\/1"}],"replies":[{"embeddable":true,"href":"https:\/\/icom-colombia.mini.icom.museum\/en\/wp-json\/wp\/v2\/comments?post=262"}],"version-history":[{"count":1,"href":"https:\/\/icom-colombia.mini.icom.museum\/en\/wp-json\/wp\/v2\/pages\/262\/revisions"}],"predecessor-version":[{"id":1179,"href":"https:\/\/icom-colombia.mini.icom.museum\/en\/wp-json\/wp\/v2\/pages\/262\/revisions\/1179"}],"wp:attachment":[{"href":"https:\/\/icom-colombia.mini.icom.museum\/en\/wp-json\/wp\/v2\/media?parent=262"}],"wp:term":[{"taxonomy":"yst_prominent_words","embeddable":true,"href":"https:\/\/icom-colombia.mini.icom.museum\/en\/wp-json\/wp\/v2\/yst_prominent_words?post=262"}],"curies":[{"name":"wp","href":"https:\/\/api.w.org\/{rel}","templated":true}]}}