{"id":276,"date":"2018-12-28T15:10:17","date_gmt":"2018-12-28T15:10:17","guid":{"rendered":"http:\/\/icom-colombia.icom.cust.oxymium.net\/eventos\/dia-internacional-de-los-museos\/"},"modified":"2018-12-28T15:15:45","modified_gmt":"2018-12-28T15:15:45","slug":"dia-internacional-de-los-museos","status":"publish","type":"page","link":"https:\/\/icom-colombia.mini.icom.museum\/en\/dia-internacional-de-los-museos\/","title":{"rendered":"D\u00eda Internacional de los Museos"},"content":{"rendered":"<div id=\"RTE_CONTENT\"> <!--TYPO3SEARCH_begin--> \t<!--  CONTENT ELEMENT, uid:8751\/textpic [begin] --> \t\t<\/p>\n<div id=\"c8751\"> \t\t<!--  Header: [begin] --> \t\t\t<\/p>\n<h2>18 de mayo<\/h2>\n<p> \t\t<!--  Header: [end] --> \t\t\t \t\t<!--  Image block: [begin] --> \t\t\t<\/p>\n<div> \t\t<!--  Text: [begin] --> \t\t\t<\/p>\n<p><b>Cada a\u00f1o desde 1977, se celebra en el mundo entero el D\u00eda Internacional de los Museos alrededor del 18 de mayo. De Am\u00e9rica a Ocean\u00eda pasando por Europa, Asia y \u00c1frica, el D\u00eda Internacional de los Museos es la ocasi\u00f3n para concienciar al p\u00fablico en general sobre el papel de los museos en el desarrollo de la sociedad.\u00a0<\/b><\/p>\n<p>\u00a0<\/p>\n<p>\u00a0<img decoding=\"async\" src=\"http:\/\/icom-colombia.mini.icom.museum\/wp-content\/uploads\/sites\/33\/2018\/12\/RTEmagicC_DIM-2018-BANNER.jpg.jpg\" alt=\"\"><\/p>\n<p>El tema del D\u00eda Internacional de los Museos del 2018,\u00a0\u00a0<b>Museos hiperconectados. Enfoques nuevos, p\u00fablicos nuevos.\u00a0<\/b> <\/p>\n<p>El objetivo del D\u00eda Internacional de los Museos es sensibilizar al p\u00fablico sobre el hecho de que \u201cLos museos son un medio importante para los intercambios culturales, el enriquecimiento de culturas, el avance del entendimiento mutuo, la cooperaci\u00f3n y la paz entre los pueblos\u201d. Se celebra cada a\u00f1o el 18 de mayo o alrededor de esta fecha y los eventos y actividades organizados para la celebraci\u00f3n pueden durar un d\u00eda, un fin de semana o toda una semana.\u00a0 <\/p>\n<p>El D\u00eda Internacional de los Museos re\u00fane cada vez m\u00e1s museos en todo el mundo.\u00a0 <\/p>\n<p><a href=\"http:\/\/network.icom.museum\/international-museum-day\/L\/1\/\" title=\"Opens external link in new window\" target=\"_blank\">SITIO OFICIAL DIM&gt;&gt;<\/a> <\/p>\n<p><a href=\"http:\/\/icom-colombia.mini.icom.museum\/wp-content\/uploads\/sites\/33\/2018\/12\/IMD2018-affiche_espagnol_.pdf\" title=\"Opens external link in new window\">Descargue el cartel&gt;&gt;<\/a> <\/p>\n<p>\u00a0<\/p>\n<p>\u00a0<img decoding=\"async\" src=\"http:\/\/icom-colombia.mini.icom.museum\/wp-content\/uploads\/sites\/33\/2018\/12\/RTEmagicC_DIM-2018-AficheESPANOL_01.jpg.jpg\" alt=\"\"><\/p>\n<p>\u00a0<\/p>\n<p> \t\t<!--  Text: [end] --> \t\t\t<\/div>\n<p> \t\t<!--  Image block: [end] --> \t\t\t   \t<!--  \t\tBEGIN: Content of extension \"hpo_relatedlink\", plugin \"tx_hporelatedlink_pi1\"  \t--> \t<\/p>\n<div> \t\t \t<\/div>\n<p> \t \t<!-- END: Content of extension \"hpo_relatedlink\", plugin \"tx_hporelatedlink_pi1\" -->  \t<\/div>\n<p> \t<!--  CONTENT ELEMENT, uid:8751\/textpic [end] --> \t\t<!--TYPO3SEARCH_end--> <\/div>\n","protected":false},"excerpt":{"rendered":"<p>18 de mayo Cada a\u00f1o desde 1977, se celebra en el mundo entero el D\u00eda Internacional de los Museos alrededor del 18 de mayo. De Am\u00e9rica a Ocean\u00eda pasando por Europa, Asia y \u00c1frica, el D\u00eda Internacional de los Museos es la ocasi\u00f3n para concienciar al p\u00fablico en general sobre el papel de los museos [&hellip;]<\/p>\n","protected":false},"author":1,"featured_media":0,"parent":0,"menu_order":4,"comment_status":"closed","ping_status":"closed","template":"","meta":{"footnotes":""},"yst_prominent_words":[],"class_list":["post-276","page","type-page","status-publish","hentry"],"acf":[],"_links":{"self":[{"href":"https:\/\/icom-colombia.mini.icom.museum\/en\/wp-json\/wp\/v2\/pages\/276","targetHints":{"allow":["GET"]}}],"collection":[{"href":"https:\/\/icom-colombia.mini.icom.museum\/en\/wp-json\/wp\/v2\/pages"}],"about":[{"href":"https:\/\/icom-colombia.mini.icom.museum\/en\/wp-json\/wp\/v2\/types\/page"}],"author":[{"embeddable":true,"href":"https:\/\/icom-colombia.mini.icom.museum\/en\/wp-json\/wp\/v2\/users\/1"}],"replies":[{"embeddable":true,"href":"https:\/\/icom-colombia.mini.icom.museum\/en\/wp-json\/wp\/v2\/comments?post=276"}],"version-history":[{"count":1,"href":"https:\/\/icom-colombia.mini.icom.museum\/en\/wp-json\/wp\/v2\/pages\/276\/revisions"}],"predecessor-version":[{"id":1178,"href":"https:\/\/icom-colombia.mini.icom.museum\/en\/wp-json\/wp\/v2\/pages\/276\/revisions\/1178"}],"wp:attachment":[{"href":"https:\/\/icom-colombia.mini.icom.museum\/en\/wp-json\/wp\/v2\/media?parent=276"}],"wp:term":[{"taxonomy":"yst_prominent_words","embeddable":true,"href":"https:\/\/icom-colombia.mini.icom.museum\/en\/wp-json\/wp\/v2\/yst_prominent_words?post=276"}],"curies":[{"name":"wp","href":"https:\/\/api.w.org\/{rel}","templated":true}]}}