{"id":344,"date":"2018-12-28T15:10:31","date_gmt":"2018-12-28T15:10:31","guid":{"rendered":"http:\/\/icom-colombia.icom.cust.oxymium.net\/publicaciones\/alerta-bienes-culturales-sustraidos\/"},"modified":"2018-12-28T15:15:45","modified_gmt":"2018-12-28T15:15:45","slug":"alerta-bienes-culturales-sustraidos","status":"publish","type":"page","link":"https:\/\/icom-colombia.mini.icom.museum\/en\/publications-2\/alerta-bienes-culturales-sustraidos\/","title":{"rendered":"Alerta Bienes Culturales Sustra\u00eddos"},"content":{"rendered":"<div id=\"RTE_CONTENT\"> <!--TYPO3SEARCH_begin--> \t<!--  CONTENT ELEMENT, uid:21218\/text [begin] --> \t\t<\/p>\n<div id=\"c21218\"> \t\t<!--  Header: [begin] --> \t\t\t<\/p>\n<h2>18 bienes historico-art\u00edstico Huancayo-Per\u00fa<\/h2>\n<p> \t\t<!--  Header: [end] --> \t\t\t \t\t<!--  Text: [begin] --> \t\t\t<\/p>\n<div>\n<div>\n<div>\n<p>El Ministerio de Cultura del Peru, a trav\u00e9s del Ministerio de Cultura de Colombia hace llegar una alerta de hurto de varias piezas pertenecientes al patrimonio cultural de ese pa\u00eds. <\/p>\n<p>La Direcci\u00f3n de Recuperaciones de la Direcci\u00f3n General de Defensa del Patrimonio Cultural del Ministerio de Cultura del Per\u00fa, comunica la sustracci\u00f3n de dieciocho (18) bienes hist\u00f3rico-art\u00edsticos pertenecientes a la Capilla Virgen del Rosario del Anexo de Hualahoyo, ubicada en el distrito de El Tambo, provincia de Huancayo, departamento de Jun\u00edn.<\/p>\n<div><\/div>\n<\/p><\/div>\n<\/div>\n<\/div>\n<div>\n<p>\u00a0<\/p>\n<p><a href=\"http:\/\/icom-colombia.mini.icom.museum\/wp-content\/uploads\/sites\/33\/2018\/12\/Robo-Alerta_075-2018.pdf\" title=\"Opens external link in new window\"><img decoding=\"async\" src=\"http:\/\/icom-colombia.mini.icom.museum\/wp-content\/uploads\/sites\/33\/2018\/12\/RTEmagicC_Robo-Peru-_Completo18.jpg.jpg\" alt=\"\"><\/a> <\/p>\n<p><img decoding=\"async\" src=\"http:\/\/icom-colombia.mini.icom.museum\/wp-content\/uploads\/sites\/33\/2018\/12\/RTEmagicC_Arcangel_del_Amor_Divino.jpg.jpg\" alt=\"\"><\/p>\n<p>&#8220;Amor Divino&#8221; <\/p>\n<p>\u00a0<\/p>\n<p><a href=\"http:\/\/icom-colombia.mini.icom.museum\/wp-content\/uploads\/sites\/33\/2018\/12\/Robo-Alerta_075-2018.pdf\" title=\"Opens external link in new window\">Descripci\u00f3n &gt;&gt;<\/a> <\/p>\n<p><a href=\"http:\/\/icom-colombia.mini.icom.museum\/wp-content\/uploads\/sites\/33\/2018\/12\/Robo-Denuncia_policial.jpg\" title=\"Opens external link in new window\">Denuncia policial &gt;&gt;<\/a> <\/p>\n<p><a href=\"http:\/\/icom-colombia.mini.icom.museum\/wp-content\/uploads\/sites\/33\/2018\/12\/Robo-Denuncia_fiscal.pdf\" title=\"Opens external link in new window\">Denuncias fiscal &gt;&gt;<\/a> <\/p>\n<p>\u00a0<\/p>\n<p><a href=\"http:\/\/cultura.gob.pe\/defensapatrimonio\" title=\"Opens external link in new window\" target=\"_blank\">Informes &gt;&gt;<\/a> <\/p>\n<h3><span>Katie Navarro V\u00e1squez Directora de Recuperaciones<br \/>knavarro@cultura.gob.pe www.cultura.gob.pe<br \/>Av. Javier Prado Este 2465<br \/>Lima 41, San Borja<br \/>Lima \u2022 Per\u00fa<\/span><\/h3>\n<\/p><\/div>\n<p> \t\t<!--  Text: [end] --> \t\t\t   \t<!--  \t\tBEGIN: Content of extension \"hpo_relatedlink\", plugin \"tx_hporelatedlink_pi1\"  \t--> \t<\/p>\n<div> \t\t \t<\/div>\n<p> \t \t<!-- END: Content of extension \"hpo_relatedlink\", plugin \"tx_hporelatedlink_pi1\" -->  \t<\/div>\n<p> \t<!--  CONTENT ELEMENT, uid:21218\/text [end] --> \t\t<!--TYPO3SEARCH_end--> <\/div>\n","protected":false},"excerpt":{"rendered":"<p>18 bienes historico-art\u00edstico Huancayo-Per\u00fa El Ministerio de Cultura del Peru, a trav\u00e9s del Ministerio de Cultura de Colombia hace llegar una alerta de hurto de varias piezas pertenecientes al patrimonio cultural de ese pa\u00eds. La Direcci\u00f3n de Recuperaciones de la Direcci\u00f3n General de Defensa del Patrimonio Cultural del Ministerio de Cultura del Per\u00fa, comunica la [&hellip;]<\/p>\n","protected":false},"author":1,"featured_media":0,"parent":126,"menu_order":0,"comment_status":"closed","ping_status":"closed","template":"","meta":{"footnotes":""},"yst_prominent_words":[],"class_list":["post-344","page","type-page","status-publish","hentry"],"acf":[],"_links":{"self":[{"href":"https:\/\/icom-colombia.mini.icom.museum\/en\/wp-json\/wp\/v2\/pages\/344","targetHints":{"allow":["GET"]}}],"collection":[{"href":"https:\/\/icom-colombia.mini.icom.museum\/en\/wp-json\/wp\/v2\/pages"}],"about":[{"href":"https:\/\/icom-colombia.mini.icom.museum\/en\/wp-json\/wp\/v2\/types\/page"}],"author":[{"embeddable":true,"href":"https:\/\/icom-colombia.mini.icom.museum\/en\/wp-json\/wp\/v2\/users\/1"}],"replies":[{"embeddable":true,"href":"https:\/\/icom-colombia.mini.icom.museum\/en\/wp-json\/wp\/v2\/comments?post=344"}],"version-history":[{"count":1,"href":"https:\/\/icom-colombia.mini.icom.museum\/en\/wp-json\/wp\/v2\/pages\/344\/revisions"}],"predecessor-version":[{"id":1176,"href":"https:\/\/icom-colombia.mini.icom.museum\/en\/wp-json\/wp\/v2\/pages\/344\/revisions\/1176"}],"up":[{"embeddable":true,"href":"https:\/\/icom-colombia.mini.icom.museum\/en\/wp-json\/wp\/v2\/pages\/126"}],"wp:attachment":[{"href":"https:\/\/icom-colombia.mini.icom.museum\/en\/wp-json\/wp\/v2\/media?parent=344"}],"wp:term":[{"taxonomy":"yst_prominent_words","embeddable":true,"href":"https:\/\/icom-colombia.mini.icom.museum\/en\/wp-json\/wp\/v2\/yst_prominent_words?post=344"}],"curies":[{"name":"wp","href":"https:\/\/api.w.org\/{rel}","templated":true}]}}