{"id":362,"date":"2018-12-28T15:10:37","date_gmt":"2018-12-28T15:10:37","guid":{"rendered":"http:\/\/icom-colombia.icom.cust.oxymium.net\/publicaciones\/codigos-deontologia\/"},"modified":"2018-12-28T15:15:45","modified_gmt":"2018-12-28T15:15:45","slug":"codigos-deontologia","status":"publish","type":"page","link":"https:\/\/icom-colombia.mini.icom.museum\/en\/publications-2\/codigos-deontologia\/","title":{"rendered":"Codigos Deontolog\u00eda"},"content":{"rendered":"<div id=\"RTE_CONTENT\"> <!--TYPO3SEARCH_begin--> \t<!--  CONTENT ELEMENT, uid:14331\/text [begin] --> \t\t<\/p>\n<div id=\"c14331\"> \t\t<!--  Header: [begin] --> \t\t\t<\/p>\n<h2>C\u00f3digos de Deontolog\u00eda<\/h2>\n<p> \t\t<!--  Header: [end] --> \t\t\t \t\t<!--  Text: [begin] --> \t\t\t<\/p>\n<p>\u00a0<\/p>\n<table summary=\"\">\n<tbody>\n<tr>\n<td>\n<p><b>C\u00f3digo de Deontolog\u00eda del ICOM para los Museos<\/b><\/p>\n<p><span>Es un texto fundamental de la Organizaci\u00f3n en el que se establecen las normas m\u00ednimas de conducta y pr\u00e1ctica profesional para los museos y su personal. Al afiliarse a la organizaci\u00f3n, los miembros del ICOM se compromenten a cumplirlo.<\/span><\/p>\n<p><a href=\"http:\/\/icom-colombia.mini.icom.museum\/wp-content\/uploads\/sites\/33\/2018\/12\/ICOM-codigo-Es-web.pdf\" title=\"Opens external link in new window\">Ver C\u00f3digo PDF&gt;&gt;<\/a><\/p>\n<p>\u00a0<\/p>\n<\/td>\n<td>\n<p><img decoding=\"async\" src=\"http:\/\/icom-colombia.mini.icom.museum\/wp-content\/uploads\/sites\/33\/2018\/12\/RTEmagicC_CodigoDEOT2017.JPG.jpg\" alt=\"\"><\/p>\n<\/td>\n<\/tr>\n<tr>\n<td>\n<p><b>C\u00f3digo de Deontolog\u00eda para los\u00a0Museos de Ciencias Naturales<\/b><\/p>\n<p>La Asociaci\u00f3n ICOM Colombia en asocio con el Museo de la Salle-Bogot\u00e1 presentan la versi\u00f3n en espa\u00f1ol del &#8220;C\u00f3digo de Deontolog\u00eda para Museos de Ciencias Naturales&#8221;, producida por el Comit\u00e9 de Museos de Ciencias Naturales del ICOM (NATHIST por su sigla en ingl\u00e9s), y presentada en Colombia en el Encuentro Nacional de Museos de Historia Natural el 8 y 9 de septiembre de 2014 en la Universidad del Bosque en Bogot\u00e1, Colombia<\/p>\n<p><a href=\"http:\/\/icom-colombia.mini.icom.museum\/wp-content\/uploads\/sites\/33\/2018\/12\/CODIGO_DEONTOLOGIA_COMPLETO.pdf\" title=\"Opens external link in new window\">Ver C\u00f3digo PDF &gt;&gt;<\/a><\/p>\n<\/td>\n<td>\n<p><img decoding=\"async\" src=\"http:\/\/icom-colombia.mini.icom.museum\/wp-content\/uploads\/sites\/33\/2018\/12\/RTEmagicC_codigo2.jpg.jpg\" alt=\"\"><\/p>\n<\/td>\n<\/tr>\n<tr>\n<td>\n<p>\u00a0<\/p>\n<\/td>\n<\/tr>\n<\/tbody>\n<\/table>\n<p> <!--  Text: [end] --><!--  \t\tBEGIN: Content of extension \"hpo_relatedlink\", plugin \"tx_hporelatedlink_pi1\"  \t--><\/p>\n<div> \t\t \t<\/div>\n<p> \t \t<!-- END: Content of extension \"hpo_relatedlink\", plugin \"tx_hporelatedlink_pi1\" -->  \t<\/div>\n<p> \t<!--  CONTENT ELEMENT, uid:14331\/text [end] --> \t\t<!--TYPO3SEARCH_end--> <\/div>\n","protected":false},"excerpt":{"rendered":"<p>C\u00f3digos de Deontolog\u00eda \u00a0 C\u00f3digo de Deontolog\u00eda del ICOM para los Museos Es un texto fundamental de la Organizaci\u00f3n en el que se establecen las normas m\u00ednimas de conducta y pr\u00e1ctica profesional para los museos y su personal. Al afiliarse a la organizaci\u00f3n, los miembros del ICOM se compromenten a cumplirlo. Ver C\u00f3digo PDF&gt;&gt; \u00a0 [&hellip;]<\/p>\n","protected":false},"author":1,"featured_media":0,"parent":126,"menu_order":1,"comment_status":"closed","ping_status":"closed","template":"","meta":{"footnotes":""},"yst_prominent_words":[],"class_list":["post-362","page","type-page","status-publish","hentry"],"acf":[],"_links":{"self":[{"href":"https:\/\/icom-colombia.mini.icom.museum\/en\/wp-json\/wp\/v2\/pages\/362","targetHints":{"allow":["GET"]}}],"collection":[{"href":"https:\/\/icom-colombia.mini.icom.museum\/en\/wp-json\/wp\/v2\/pages"}],"about":[{"href":"https:\/\/icom-colombia.mini.icom.museum\/en\/wp-json\/wp\/v2\/types\/page"}],"author":[{"embeddable":true,"href":"https:\/\/icom-colombia.mini.icom.museum\/en\/wp-json\/wp\/v2\/users\/1"}],"replies":[{"embeddable":true,"href":"https:\/\/icom-colombia.mini.icom.museum\/en\/wp-json\/wp\/v2\/comments?post=362"}],"version-history":[{"count":1,"href":"https:\/\/icom-colombia.mini.icom.museum\/en\/wp-json\/wp\/v2\/pages\/362\/revisions"}],"predecessor-version":[{"id":1175,"href":"https:\/\/icom-colombia.mini.icom.museum\/en\/wp-json\/wp\/v2\/pages\/362\/revisions\/1175"}],"up":[{"embeddable":true,"href":"https:\/\/icom-colombia.mini.icom.museum\/en\/wp-json\/wp\/v2\/pages\/126"}],"wp:attachment":[{"href":"https:\/\/icom-colombia.mini.icom.museum\/en\/wp-json\/wp\/v2\/media?parent=362"}],"wp:term":[{"taxonomy":"yst_prominent_words","embeddable":true,"href":"https:\/\/icom-colombia.mini.icom.museum\/en\/wp-json\/wp\/v2\/yst_prominent_words?post=362"}],"curies":[{"name":"wp","href":"https:\/\/api.w.org\/{rel}","templated":true}]}}